{"id":925,"date":"2021-05-09T21:13:09","date_gmt":"2021-05-09T21:13:09","guid":{"rendered":"https:\/\/risingfarms.co\/?page_id=925"},"modified":"2023-08-29T14:25:29","modified_gmt":"2023-08-29T14:25:29","slug":"privacy","status":"publish","type":"page","link":"https:\/\/risingfarms.co\/es\/privacy\/","title":{"rendered":"Pol\u00edticas de Privacidad"},"content":{"rendered":"<div data-elementor-type=\"wp-page\" data-elementor-id=\"925\" class=\"elementor elementor-925\">\n\t\t\t\t\t\t<section class=\"elementor-section elementor-top-section elementor-element elementor-element-4a29794 elementor-section-boxed elementor-section-height-default elementor-section-height-default\" data-id=\"4a29794\" data-element_type=\"section\" data-e-type=\"section\">\n\t\t\t\t\t\t<div class=\"elementor-container elementor-column-gap-default\">\n\t\t\t\t\t<div class=\"elementor-column elementor-col-100 elementor-top-column elementor-element elementor-element-e379092\" data-id=\"e379092\" data-element_type=\"column\" data-e-type=\"column\">\n\t\t\t<div class=\"elementor-widget-wrap elementor-element-populated\">\n\t\t\t\t\t\t<div class=\"elementor-element elementor-element-80ce985 elementor-widget elementor-widget-spacer\" data-id=\"80ce985\" data-element_type=\"widget\" data-e-type=\"widget\" data-widget_type=\"spacer.default\">\n\t\t\t\t<div class=\"elementor-widget-container\">\n\t\t\t\t\t\t\t<div class=\"elementor-spacer\">\n\t\t\t<div class=\"elementor-spacer-inner\"><\/div>\n\t\t<\/div>\n\t\t\t\t\t\t<\/div>\n\t\t\t\t<\/div>\n\t\t\t\t<div class=\"elementor-element elementor-element-794e963 title-2 elementor-widget elementor-widget-heading\" data-id=\"794e963\" data-element_type=\"widget\" data-e-type=\"widget\" data-widget_type=\"heading.default\">\n\t\t\t\t<div class=\"elementor-widget-container\">\n\t\t\t\t\t<h2 class=\"elementor-heading-title elementor-size-default\">Pol\u00edticas de Privacidad<\/h2>\t\t\t\t<\/div>\n\t\t\t\t<\/div>\n\t\t\t\t<div class=\"elementor-element elementor-element-c37384c elementor-widget elementor-widget-heading\" data-id=\"c37384c\" data-element_type=\"widget\" data-e-type=\"widget\" data-widget_type=\"heading.default\">\n\t\t\t\t<div class=\"elementor-widget-container\">\n\t\t\t\t\t<h2 class=\"elementor-heading-title elementor-size-default\">Protecci\u00f3n de datos personales<\/h2>\t\t\t\t<\/div>\n\t\t\t\t<\/div>\n\t\t\t\t<div class=\"elementor-element elementor-element-3814d9d elementor-widget elementor-widget-text-editor\" data-id=\"3814d9d\" data-element_type=\"widget\" data-e-type=\"widget\" data-widget_type=\"text-editor.default\">\n\t\t\t\t<div class=\"elementor-widget-container\">\n\t\t\t\t\t\t\t\t\tLos Usuarios y Socios registrados de RISING FARMS en el sitio de internet <em style=\"color: #5EA354;\">https:\/\/risingfarms.co<\/em> (en lo sucesivo \u201cEL SITIO\u201d) se obligan y comprometen a usar y a navegar por EL SITIO antes se\u00f1alado y a utilizar el contenido del mismo de buena fe y bajo su propia responsabilidad.\t\t\t\t\t\t\t\t<\/div>\n\t\t\t\t<\/div>\n\t\t\t\t<div class=\"elementor-element elementor-element-3c4100f elementor-widget elementor-widget-text-editor\" data-id=\"3c4100f\" data-element_type=\"widget\" data-e-type=\"widget\" data-widget_type=\"text-editor.default\">\n\t\t\t\t<div class=\"elementor-widget-container\">\n\t\t\t\t\t\t\t\t\t<p>Del mismo modo, hacemos de su conocimiento que el llenado de cualquier formulario existente en EL SITIO o la remisi\u00f3n de un correo electr\u00f3nico a cualquiera de nuestros buzones implica la aceptaci\u00f3n de esta pol\u00edtica de privacidad, as\u00ed como la autorizaci\u00f3n a RISING FARMS para que use y trate la informaci\u00f3n y datos personales que usted nos facilite para los fines a que haya lugar en relaci\u00f3n con EL SITIO.<\/p>\t\t\t\t\t\t\t\t<\/div>\n\t\t\t\t<\/div>\n\t\t\t\t<div class=\"elementor-element elementor-element-29677d2 elementor-widget elementor-widget-text-editor\" data-id=\"29677d2\" data-element_type=\"widget\" data-e-type=\"widget\" data-widget_type=\"text-editor.default\">\n\t\t\t\t<div class=\"elementor-widget-container\">\n\t\t\t\t\t\t\t\t\t<p>Por la mera visita a EL SITIO los Usuarios no facilitan informaci\u00f3n personal alguna ni quedan obligados a facilitarla. Solicitamos su informaci\u00f3n personal ya que nos ayuda a brindarle un mejor servicio y con ella podemos ofrecerle acceso a nuestra gama de productos y servicios. Enunciativa, m\u00e1s no limitativamente, dentro de la informaci\u00f3n que le solicitaremos, est\u00e1n su(s) nombre(s) y apellidos completos, direcci\u00f3n de correo electr\u00f3nico, tel\u00e9fonos y nombre de su empresa.<\/p>\t\t\t\t\t\t\t\t<\/div>\n\t\t\t\t<\/div>\n\t\t\t\t<div class=\"elementor-element elementor-element-bb030bf elementor-widget elementor-widget-text-editor\" data-id=\"bb030bf\" data-element_type=\"widget\" data-e-type=\"widget\" data-widget_type=\"text-editor.default\">\n\t\t\t\t<div class=\"elementor-widget-container\">\n\t\t\t\t\t\t\t\t\t<p>El servidor en donde est\u00e1 alojado EL SITIO utiliza cookies para mejorar el servicio prestado por RISING FARMS. Estas cookies se instalan autom\u00e1ticamente en la computadora empleada por los Socios y Usuarios de RISING FARMS pero no almacenan ning\u00fan tipo de informaci\u00f3n relativa a \u00e9stos.<\/p>\t\t\t\t\t\t\t\t<\/div>\n\t\t\t\t<\/div>\n\t\t\t\t<div class=\"elementor-element elementor-element-bae4c31 elementor-widget elementor-widget-text-editor\" data-id=\"bae4c31\" data-element_type=\"widget\" data-e-type=\"widget\" data-widget_type=\"text-editor.default\">\n\t\t\t\t<div class=\"elementor-widget-container\">\n\t\t\t\t\t\t\t\t\t<p>RISING FARMS se compromete a guardar la m\u00e1xima protecci\u00f3n y confidencialidad sobre la informaci\u00f3n que usted nos facilite por medio de EL SITIO y a utilizarla \u00fanicamente para los fines indicados.<\/p>\t\t\t\t\t\t\t\t<\/div>\n\t\t\t\t<\/div>\n\t\t\t\t<div class=\"elementor-element elementor-element-c710806 elementor-widget elementor-widget-text-editor\" data-id=\"c710806\" data-element_type=\"widget\" data-e-type=\"widget\" data-widget_type=\"text-editor.default\">\n\t\t\t\t<div class=\"elementor-widget-container\">\n\t\t\t\t\t\t\t\t\t<p>Cuando se encuentre en EL SITIO y le pidan datos personales, usted compartir\u00e1 la informaci\u00f3n solo con RISING FARMS salvo que se especifique lo contrario.<\/p>\t\t\t\t\t\t\t\t<\/div>\n\t\t\t\t<\/div>\n\t\t\t\t<div class=\"elementor-element elementor-element-5572e10 elementor-widget elementor-widget-text-editor\" data-id=\"5572e10\" data-element_type=\"widget\" data-e-type=\"widget\" data-widget_type=\"text-editor.default\">\n\t\t\t\t<div class=\"elementor-widget-container\">\n\t\t\t\t\t\t\t\t\t<p>RISING FARMS no compartir\u00e1 la informaci\u00f3n confidencial con terceras partes, excepto que tenga expresa autorizaci\u00f3n de quienes se suscribieron, o cuando haya sido requerido por orden judicial para cumplir con las disposiciones procesales.<\/p>\t\t\t\t\t\t\t\t<\/div>\n\t\t\t\t<\/div>\n\t\t\t\t<div class=\"elementor-element elementor-element-a9d2253 elementor-widget elementor-widget-text-editor\" data-id=\"a9d2253\" data-element_type=\"widget\" data-e-type=\"widget\" data-widget_type=\"text-editor.default\">\n\t\t\t\t<div class=\"elementor-widget-container\">\n\t\t\t\t\t\t\t\t\t<p>RISING FARMS puede difundir las estad\u00edsticas en conjunto de los usuarios (por ejemplo, el porcentaje de nuestros usuarios que son mujeres o mayores a determinada edad, etc.) para describir nuestros servicios y para otros prop\u00f3sitos l\u00edcitos en los casos que marque la ley.<\/p>\t\t\t\t\t\t\t\t<\/div>\n\t\t\t\t<\/div>\n\t\t\t\t<div class=\"elementor-element elementor-element-19f7f4f elementor-widget elementor-widget-text-editor\" data-id=\"19f7f4f\" data-element_type=\"widget\" data-e-type=\"widget\" data-widget_type=\"text-editor.default\">\n\t\t\t\t<div class=\"elementor-widget-container\">\n\t\t\t\t\t\t\t\t\t<p>RISING FARMS puede difundir las estad\u00edsticas en conjunto de los usuarios (por ejemplo, el porcentaje de nuestros usuarios que son mujeres o mayores a determinada edad, etc.) para describir nuestros servicios y para otros prop\u00f3sitos l\u00edcitos en los casos que marque la ley.<\/p>\t\t\t\t\t\t\t\t<\/div>\n\t\t\t\t<\/div>\n\t\t\t\t<div class=\"elementor-element elementor-element-e51cd2c elementor-widget elementor-widget-text-editor\" data-id=\"e51cd2c\" data-element_type=\"widget\" data-e-type=\"widget\" data-widget_type=\"text-editor.default\">\n\t\t\t\t<div class=\"elementor-widget-container\">\n\t\t\t\t\t\t\t\t\t<p>RISING FARMS puede difundir la informaci\u00f3n de la cuenta en casos especiales cuando pensemos que proporcionar esta informaci\u00f3n puede servir para identificar, localizar o realizar acciones legales contra personas que pudiesen infringir las condiciones del servicio de los sitios de RISING FARMS o causar da\u00f1os o interferencia sobre los derechos de RISING FARMS o sus propiedades, de otros usuarios de EL SITIO deRISING FARMS o de cualquier otra persona que pudiese resultar perjudicada por dichas actividades. RISING FARMS puede difundir u obtener acceso a la informaci\u00f3n de cuenta cuando, actuando de buena fe, creamos que es necesario por razones legales, administrativas o de otra \u00edndole y lo consideremos necesario para mantener, proporcionar y desarrollar nuestros productos y servicios.<\/p><p>RISING FARMS no asume ninguna obligaci\u00f3n de mantener confidencial cualquier otra informaci\u00f3n que el usuario proporcione, incluyendo aquella informaci\u00f3n que el usuario proporcione a trav\u00e9s de boletines y pl\u00e1ticas en l\u00ednea (chats), as\u00ed como la informaci\u00f3n que obtenga a trav\u00e9s de los cookies que se describieron anteriormente, lo anterior en t\u00e9rminos de lo establecido en el art\u00edculo 109 de la Ley Federal de los Derechos de Autor y de la fracci\u00f3n I, del art\u00edculo 76 bis de la Ley Federal de Protecci\u00f3n al Consumidor.<\/p><p>RISING FARMS presume que los datos han sido introducidos por su titular o por una persona autorizada por \u00e9ste, siendo en ambos casos mayores de edad, as\u00ed como que son verdaderos, correctos y exactos.<\/p><p>RISING FARMS ha adoptado los niveles de seguridad adecuados a los datos facilitados por sus Usuarios y\/o Socios y, adem\u00e1s, ha instalado todos los medios y medidas a su alcance para evitar, en la medida de lo posible, la p\u00e9rdida, mal uso, alteraci\u00f3n, acceso no autorizado y extracci\u00f3n de los mismos, sin embargo, al aceptar las presentes Pol\u00edticas de Privacidad, el Usuario y\/o Socio expresamente acepta y reconoce que RISING FARMS no ser\u00e1 responsable por el acceso y uso no autorizado de dicha informaci\u00f3n, o en violaci\u00f3n a los sistemas de seguridad que RISING FARMS ha instalado por parte de terceros.<\/p><p>A continuaci\u00f3n, RISING FARMS le expondr\u00e1 brevemente los principios que rigen sus pol\u00edticas de privacidad y confidencialidad para la informaci\u00f3n proporcionada por los usuarios de sus servicios electr\u00f3nicos en l\u00ednea:<\/p><ol><li>RISING FARMS \u00fanicamente recabar\u00e1 la informaci\u00f3n del socio que es necesaria para brindarle los servicios personalizados que se encuentran disponibles en sus sitios en Internet, la cual se utilizar\u00e1 \u00fanicamente para los fines que es solicitada.<\/li><li>RISING FARMS \u00fase esfuerza por asegurar la calidad de la informaci\u00f3n que se recaba sobre nuestros usuarios de servicios en l\u00ednea, particularmente cuando se haya obtenido a trav\u00e9s de alg\u00fan proveedor de informaci\u00f3n o de servicios.<\/li><li>RISING FARMS enfoca sus esfuerzos para ofrecer la tecnolog\u00eda m\u00e1s moderna y actualizada a fin de ofrecer a sus socios\/usuarios la mayor seguridad posible en el manejo y transferencia de la informaci\u00f3n que es requerida en los diversos procesos de requerimiento de datos.<\/li><li>RISING FARMS evita la divulgaci\u00f3n de informaci\u00f3n acerca del socio\/usuario, haci\u00e9ndolo \u00fanicamente respecto de aquellos datos que expresamente sean autorizados para ello.<\/li><li>En todo momento, RISING FARMS est\u00e1 atento a las inquietudes que manifiesten nuestros socios\/usuarios respecto al manejo de la informaci\u00f3n que proporcionen para los diversos procesos en l\u00ednea.<\/li><li>RISING FARMS cuida de que estos principios de privacidad\/confidencialidad se extiendan al conjunto de relaciones comerciales al interior del grupo.<\/li><li>RISING FARMS comparte la responsabilidad del cuidado de la informaci\u00f3n con sus empleados, haci\u00e9ndolos copart\u00edcipes de los lineamientos expuestos en los documentos de \"Pol\u00edticas de privacidad\".<\/li><\/ol><p>Sin embargo, y a pesar de contar cada d\u00eda con herramientas m\u00e1s seguras, la protecci\u00f3n de los datos enviados a trav\u00e9s de Internet no se puede garantizar al 100%; por lo que una vez recibidos, se har\u00e1 todo lo posible por salvaguardar la informaci\u00f3n.<\/p>\t\t\t\t\t\t\t\t<\/div>\n\t\t\t\t<\/div>\n\t\t\t\t<div class=\"elementor-element elementor-element-b0cbd8d elementor-widget elementor-widget-spacer\" data-id=\"b0cbd8d\" data-element_type=\"widget\" data-e-type=\"widget\" data-widget_type=\"spacer.default\">\n\t\t\t\t<div class=\"elementor-widget-container\">\n\t\t\t\t\t\t\t<div class=\"elementor-spacer\">\n\t\t\t<div class=\"elementor-spacer-inner\"><\/div>\n\t\t<\/div>\n\t\t\t\t\t\t<\/div>\n\t\t\t\t<\/div>\n\t\t\t\t\t<\/div>\n\t\t<\/div>\n\t\t\t\t\t<\/div>\n\t\t<\/section>\n\t\t\t\t<\/div>","protected":false},"excerpt":{"rendered":"<p>Privacy Policies Personal data protection The Users and Registered Members of RISING FARMS on the internet site https:\/\/risingfarms.co (hereinafter &#8220;THE SITE&#8221;) undertake to use and navigate through THE SITE mentioned above and to use its content in good faith and at your own risk. In the same way, we inform you that the filling in [&hellip;]<\/p>\n","protected":false},"author":1,"featured_media":1804,"parent":0,"menu_order":0,"comment_status":"closed","ping_status":"closed","template":"","meta":{"_coblocks_attr":"","_coblocks_dimensions":"","_coblocks_responsive_height":"","_coblocks_accordion_ie_support":"","site-sidebar-layout":"no-sidebar","site-content-layout":"page-builder","ast-site-content-layout":"full-width-container","site-content-style":"unboxed","site-sidebar-style":"unboxed","ast-global-header-display":"","ast-banner-title-visibility":"","ast-main-header-display":"","ast-hfb-above-header-display":"","ast-hfb-below-header-display":"","ast-hfb-mobile-header-display":"","site-post-title":"disabled","ast-breadcrumbs-content":"","ast-featured-img":"disabled","footer-sml-layout":"","ast-disable-related-posts":"","theme-transparent-header-meta":"default","adv-header-id-meta":"","stick-header-meta":"","header-above-stick-meta":"","header-main-stick-meta":"","header-below-stick-meta":"","astra-migrate-meta-layouts":"set","ast-page-background-enabled":"default","ast-page-background-meta":{"desktop":{"background-color":"","background-image":"","background-repeat":"repeat","background-position":"center center","background-size":"auto","background-attachment":"scroll","background-type":"","background-media":"","overlay-type":"","overlay-color":"","overlay-opacity":"","overlay-gradient":""},"tablet":{"background-color":"","background-image":"","background-repeat":"repeat","background-position":"center center","background-size":"auto","background-attachment":"scroll","background-type":"","background-media":"","overlay-type":"","overlay-color":"","overlay-opacity":"","overlay-gradient":""},"mobile":{"background-color":"","background-image":"","background-repeat":"repeat","background-position":"center center","background-size":"auto","background-attachment":"scroll","background-type":"","background-media":"","overlay-type":"","overlay-color":"","overlay-opacity":"","overlay-gradient":""}},"ast-content-background-meta":{"desktop":{"background-color":"var(--ast-global-color-5)","background-image":"","background-repeat":"repeat","background-position":"center center","background-size":"auto","background-attachment":"scroll","background-type":"","background-media":"","overlay-type":"","overlay-color":"","overlay-opacity":"","overlay-gradient":""},"tablet":{"background-color":"var(--ast-global-color-5)","background-image":"","background-repeat":"repeat","background-position":"center center","background-size":"auto","background-attachment":"scroll","background-type":"","background-media":"","overlay-type":"","overlay-color":"","overlay-opacity":"","overlay-gradient":""},"mobile":{"background-color":"var(--ast-global-color-5)","background-image":"","background-repeat":"repeat","background-position":"center center","background-size":"auto","background-attachment":"scroll","background-type":"","background-media":"","overlay-type":"","overlay-color":"","overlay-opacity":"","overlay-gradient":""}},"footnotes":""},"class_list":["post-925","page","type-page","status-publish","has-post-thumbnail","hentry"],"yoast_head":"<!-- This site is optimized with the Yoast SEO plugin v27.5 - https:\/\/yoast.com\/product\/yoast-seo-wordpress\/ -->\n<title>Privacy Policies - Rising Farms<\/title>\n<meta name=\"description\" content=\"We are a high-tech indoor company leveraging next-generation technology and proprietary growig techniques to grow quality vegetables in a controlled envireonment.\" \/>\n<meta name=\"robots\" content=\"index, follow, max-snippet:-1, max-image-preview:large, max-video-preview:-1\" \/>\n<link rel=\"canonical\" href=\"https:\/\/risingfarms.co\/es\/privacy\/\" \/>\n<meta property=\"og:locale\" content=\"es_MX\" \/>\n<meta property=\"og:type\" content=\"article\" \/>\n<meta property=\"og:title\" content=\"Privacy Policies - Rising Farms\" \/>\n<meta property=\"og:description\" content=\"We are a high-tech indoor company leveraging next-generation technology and proprietary growig techniques to grow quality vegetables in a controlled envireonment.\" \/>\n<meta property=\"og:url\" content=\"https:\/\/risingfarms.co\/es\/privacy\/\" \/>\n<meta property=\"og:site_name\" content=\"Rising Farms\" \/>\n<meta property=\"article:modified_time\" content=\"2023-08-29T14:25:29+00:00\" \/>\n<meta property=\"og:image\" content=\"https:\/\/risingfarms.co\/wp-content\/uploads\/2023\/08\/RISING_FARMS_LOGO_SQUARE2-1.png\" \/>\n\t<meta property=\"og:image:width\" content=\"250\" \/>\n\t<meta property=\"og:image:height\" content=\"250\" \/>\n\t<meta property=\"og:image:type\" content=\"image\/png\" \/>\n<meta name=\"twitter:card\" content=\"summary_large_image\" \/>\n<meta name=\"twitter:label1\" content=\"Tiempo de lectura\" \/>\n\t<meta name=\"twitter:data1\" content=\"5 minutos\" \/>\n<script type=\"application\/ld+json\" class=\"yoast-schema-graph\">{\"@context\":\"https:\\\/\\\/schema.org\",\"@graph\":[{\"@type\":\"WebPage\",\"@id\":\"https:\\\/\\\/risingfarms.co\\\/privacy\\\/\",\"url\":\"https:\\\/\\\/risingfarms.co\\\/privacy\\\/\",\"name\":\"Privacy Policies - Rising Farms\",\"isPartOf\":{\"@id\":\"https:\\\/\\\/risingfarms.co\\\/#website\"},\"primaryImageOfPage\":{\"@id\":\"https:\\\/\\\/risingfarms.co\\\/privacy\\\/#primaryimage\"},\"image\":{\"@id\":\"https:\\\/\\\/risingfarms.co\\\/privacy\\\/#primaryimage\"},\"thumbnailUrl\":\"https:\\\/\\\/risingfarms.co\\\/wp-content\\\/uploads\\\/2023\\\/08\\\/RISING_FARMS_LOGO_SQUARE2-1.png\",\"datePublished\":\"2021-05-09T21:13:09+00:00\",\"dateModified\":\"2023-08-29T14:25:29+00:00\",\"description\":\"We are a high-tech indoor company leveraging next-generation technology and proprietary growig techniques to grow quality vegetables in a controlled envireonment.\",\"breadcrumb\":{\"@id\":\"https:\\\/\\\/risingfarms.co\\\/privacy\\\/#breadcrumb\"},\"inLanguage\":\"es\",\"potentialAction\":[{\"@type\":\"ReadAction\",\"target\":[\"https:\\\/\\\/risingfarms.co\\\/privacy\\\/\"]}]},{\"@type\":\"ImageObject\",\"inLanguage\":\"es\",\"@id\":\"https:\\\/\\\/risingfarms.co\\\/privacy\\\/#primaryimage\",\"url\":\"https:\\\/\\\/risingfarms.co\\\/wp-content\\\/uploads\\\/2023\\\/08\\\/RISING_FARMS_LOGO_SQUARE2-1.png\",\"contentUrl\":\"https:\\\/\\\/risingfarms.co\\\/wp-content\\\/uploads\\\/2023\\\/08\\\/RISING_FARMS_LOGO_SQUARE2-1.png\",\"width\":250,\"height\":250},{\"@type\":\"BreadcrumbList\",\"@id\":\"https:\\\/\\\/risingfarms.co\\\/privacy\\\/#breadcrumb\",\"itemListElement\":[{\"@type\":\"ListItem\",\"position\":1,\"name\":\"Portada\",\"item\":\"https:\\\/\\\/risingfarms.co\\\/\"},{\"@type\":\"ListItem\",\"position\":2,\"name\":\"Privacy Policies\"}]},{\"@type\":\"WebSite\",\"@id\":\"https:\\\/\\\/risingfarms.co\\\/#website\",\"url\":\"https:\\\/\\\/risingfarms.co\\\/\",\"name\":\"Rising Farms\",\"description\":\"Leveraging Technology for the Future of Food\",\"publisher\":{\"@id\":\"https:\\\/\\\/risingfarms.co\\\/#organization\"},\"potentialAction\":[{\"@type\":\"SearchAction\",\"target\":{\"@type\":\"EntryPoint\",\"urlTemplate\":\"https:\\\/\\\/risingfarms.co\\\/?s={search_term_string}\"},\"query-input\":{\"@type\":\"PropertyValueSpecification\",\"valueRequired\":true,\"valueName\":\"search_term_string\"}}],\"inLanguage\":\"es\"},{\"@type\":\"Organization\",\"@id\":\"https:\\\/\\\/risingfarms.co\\\/#organization\",\"name\":\"Rising Farms\",\"url\":\"https:\\\/\\\/risingfarms.co\\\/\",\"logo\":{\"@type\":\"ImageObject\",\"inLanguage\":\"es\",\"@id\":\"https:\\\/\\\/risingfarms.co\\\/#\\\/schema\\\/logo\\\/image\\\/\",\"url\":\"https:\\\/\\\/risingfarms.co\\\/wp-content\\\/uploads\\\/2023\\\/08\\\/Group-125.png\",\"contentUrl\":\"https:\\\/\\\/risingfarms.co\\\/wp-content\\\/uploads\\\/2023\\\/08\\\/Group-125.png\",\"width\":250,\"height\":250,\"caption\":\"Rising Farms\"},\"image\":{\"@id\":\"https:\\\/\\\/risingfarms.co\\\/#\\\/schema\\\/logo\\\/image\\\/\"}}]}<\/script>\n<!-- \/ Yoast SEO plugin. -->","yoast_head_json":{"title":"Privacy Policies - Rising Farms","description":"We are a high-tech indoor company leveraging next-generation technology and proprietary growig techniques to grow quality vegetables in a controlled envireonment.","robots":{"index":"index","follow":"follow","max-snippet":"max-snippet:-1","max-image-preview":"max-image-preview:large","max-video-preview":"max-video-preview:-1"},"canonical":"https:\/\/risingfarms.co\/es\/privacy\/","og_locale":"es_MX","og_type":"article","og_title":"Privacy Policies - Rising Farms","og_description":"We are a high-tech indoor company leveraging next-generation technology and proprietary growig techniques to grow quality vegetables in a controlled envireonment.","og_url":"https:\/\/risingfarms.co\/es\/privacy\/","og_site_name":"Rising Farms","article_modified_time":"2023-08-29T14:25:29+00:00","og_image":[{"width":250,"height":250,"url":"https:\/\/risingfarms.co\/wp-content\/uploads\/2023\/08\/RISING_FARMS_LOGO_SQUARE2-1.png","type":"image\/png"}],"twitter_card":"summary_large_image","twitter_misc":{"Tiempo de lectura":"5 minutos"},"schema":{"@context":"https:\/\/schema.org","@graph":[{"@type":"WebPage","@id":"https:\/\/risingfarms.co\/privacy\/","url":"https:\/\/risingfarms.co\/privacy\/","name":"Privacy Policies - Rising Farms","isPartOf":{"@id":"https:\/\/risingfarms.co\/#website"},"primaryImageOfPage":{"@id":"https:\/\/risingfarms.co\/privacy\/#primaryimage"},"image":{"@id":"https:\/\/risingfarms.co\/privacy\/#primaryimage"},"thumbnailUrl":"https:\/\/risingfarms.co\/wp-content\/uploads\/2023\/08\/RISING_FARMS_LOGO_SQUARE2-1.png","datePublished":"2021-05-09T21:13:09+00:00","dateModified":"2023-08-29T14:25:29+00:00","description":"We are a high-tech indoor company leveraging next-generation technology and proprietary growig techniques to grow quality vegetables in a controlled envireonment.","breadcrumb":{"@id":"https:\/\/risingfarms.co\/privacy\/#breadcrumb"},"inLanguage":"es","potentialAction":[{"@type":"ReadAction","target":["https:\/\/risingfarms.co\/privacy\/"]}]},{"@type":"ImageObject","inLanguage":"es","@id":"https:\/\/risingfarms.co\/privacy\/#primaryimage","url":"https:\/\/risingfarms.co\/wp-content\/uploads\/2023\/08\/RISING_FARMS_LOGO_SQUARE2-1.png","contentUrl":"https:\/\/risingfarms.co\/wp-content\/uploads\/2023\/08\/RISING_FARMS_LOGO_SQUARE2-1.png","width":250,"height":250},{"@type":"BreadcrumbList","@id":"https:\/\/risingfarms.co\/privacy\/#breadcrumb","itemListElement":[{"@type":"ListItem","position":1,"name":"Portada","item":"https:\/\/risingfarms.co\/"},{"@type":"ListItem","position":2,"name":"Privacy Policies"}]},{"@type":"WebSite","@id":"https:\/\/risingfarms.co\/#website","url":"https:\/\/risingfarms.co\/","name":"Rising Farms","description":"Leveraging Technology for the Future of Food","publisher":{"@id":"https:\/\/risingfarms.co\/#organization"},"potentialAction":[{"@type":"SearchAction","target":{"@type":"EntryPoint","urlTemplate":"https:\/\/risingfarms.co\/?s={search_term_string}"},"query-input":{"@type":"PropertyValueSpecification","valueRequired":true,"valueName":"search_term_string"}}],"inLanguage":"es"},{"@type":"Organization","@id":"https:\/\/risingfarms.co\/#organization","name":"Rising Farms","url":"https:\/\/risingfarms.co\/","logo":{"@type":"ImageObject","inLanguage":"es","@id":"https:\/\/risingfarms.co\/#\/schema\/logo\/image\/","url":"https:\/\/risingfarms.co\/wp-content\/uploads\/2023\/08\/Group-125.png","contentUrl":"https:\/\/risingfarms.co\/wp-content\/uploads\/2023\/08\/Group-125.png","width":250,"height":250,"caption":"Rising Farms"},"image":{"@id":"https:\/\/risingfarms.co\/#\/schema\/logo\/image\/"}}]}},"_links":{"self":[{"href":"https:\/\/risingfarms.co\/es\/wp-json\/wp\/v2\/pages\/925","targetHints":{"allow":["GET"]}}],"collection":[{"href":"https:\/\/risingfarms.co\/es\/wp-json\/wp\/v2\/pages"}],"about":[{"href":"https:\/\/risingfarms.co\/es\/wp-json\/wp\/v2\/types\/page"}],"author":[{"embeddable":true,"href":"https:\/\/risingfarms.co\/es\/wp-json\/wp\/v2\/users\/1"}],"replies":[{"embeddable":true,"href":"https:\/\/risingfarms.co\/es\/wp-json\/wp\/v2\/comments?post=925"}],"version-history":[{"count":15,"href":"https:\/\/risingfarms.co\/es\/wp-json\/wp\/v2\/pages\/925\/revisions"}],"predecessor-version":[{"id":1811,"href":"https:\/\/risingfarms.co\/es\/wp-json\/wp\/v2\/pages\/925\/revisions\/1811"}],"wp:featuredmedia":[{"embeddable":true,"href":"https:\/\/risingfarms.co\/es\/wp-json\/wp\/v2\/media\/1804"}],"wp:attachment":[{"href":"https:\/\/risingfarms.co\/es\/wp-json\/wp\/v2\/media?parent=925"}],"curies":[{"name":"wp","href":"https:\/\/api.w.org\/{rel}","templated":true}]}}